{"id":112,"date":"2026-05-08T22:06:04","date_gmt":"2026-05-08T20:06:04","guid":{"rendered":"https:\/\/ubieramykibicow.pl\/?page_id=112"},"modified":"2026-05-10T21:13:59","modified_gmt":"2026-05-10T19:13:59","slug":"bluzy","status":"publish","type":"page","link":"https:\/\/ubieramykibicow.pl\/?page_id=112","title":{"rendered":"Bluzy"},"content":{"rendered":"<section class=\"uk-section\" id=\"bluzy\">\n<h1 style=\"color:#b8b8b8 !important; text-align:center !important;\">\n    Bluzy<br \/>\n  <\/h1>\n<div style=\"max-width:900px !important; margin-left:auto !important; margin-right:auto !important; text-align:center !important;\">\n<p style=\"color:#ffffff !important;\">\n      Najpopularniejsze modele bluz na zam\u00f3wienie dost\u0119pne w naszej ofercie. Wykonujemy bluzy kibicowskie, bluzy firmowe oraz bluzy dla grup, ekip i marek. Ka\u017cdy model mo\u017cemy przygotowa\u0107 pod indywidualny projekt, kolorystyk\u0119 z palety kolor\u00f3w, haft lub nadruk.\n    <\/p>\n<p style=\"color:#ffffff !important;\">\n      Standardowo bluzy wykonujemy z dzianiny drapanej, czyli z mi\u0119kkim meszkiem od \u015brodka, o gramaturze 340 g lub z dzianiny p\u0119telkowej 280 g. Na potrzeby klienta mo\u017cemy r\u00f3wnie\u017c zastosowa\u0107 dzianin\u0119 drapan\u0105 280 g.\n    <\/p>\n<p style=\"color:#ffffff !important;\">\n      Je\u015bli szukasz bluz z w\u0142asnym nadrukiem, haftem lub projektem, przygotujemy model dopasowany do Twojej grupy, firmy albo marki odzie\u017cowej.\n    <\/p>\n<\/p><\/div>\n<div style=\"display:grid !important; grid-template-columns:repeat(auto-fit, minmax(260px, 300px)) !important; justify-content:center !important; gap:24px !important; margin-top:45px !important; width:100% !important;\">\n<div onclick=\"window.location.href='https:\/\/ubieramykibicow.pl\/?page_id=604'\" onmouseover=\"this.style.borderColor='#c79618'; this.style.boxShadow='0 0 24px rgba(199,150,24,0.25)';\" onmouseout=\"this.style.borderColor='#333333'; this.style.boxShadow='none';\" style=\"background:#050505 !important; border:1px solid #333333 !important; border-radius:16px !important; padding:26px !important; min-height:210px !important; width:300px !important; max-width:100% !important; display:flex !important; align-items:center !important; justify-content:center !important; text-align:center !important; cursor:pointer !important; transition:0.25s ease !important;\">\n<h3 style=\"color:#ffffff !important; font-size:22px !important; font-weight:800 !important; margin:0 !important;\">\n        St\u00f3jka<br \/>\n      <\/h3>\n<\/p><\/div>\n<div onclick=\"window.location.href='https:\/\/ubieramykibicow.pl\/?page_id=592'\" onmouseover=\"this.style.borderColor='#c79618'; this.style.boxShadow='0 0 24px rgba(199,150,24,0.25)';\" onmouseout=\"this.style.borderColor='#333333'; this.style.boxShadow='none';\" style=\"background:#050505 !important; border:1px solid #333333 !important; border-radius:16px !important; padding:26px !important; min-height:210px !important; width:300px !important; max-width:100% !important; display:flex !important; align-items:center !important; justify-content:center !important; text-align:center !important; cursor:pointer !important; transition:0.25s ease !important;\">\n<h3 style=\"color:#ffffff !important; font-size:22px !important; font-weight:800 !important; margin:0 !important;\">\n        Kangur<br \/>\n      <\/h3>\n<\/p><\/div>\n<div onclick=\"window.location.href='https:\/\/ubieramykibicow.pl\/?page_id=590'\" onmouseover=\"this.style.borderColor='#c79618'; this.style.boxShadow='0 0 24px rgba(199,150,24,0.25)';\" onmouseout=\"this.style.borderColor='#333333'; this.style.boxShadow='none';\" style=\"background:#050505 !important; border:1px solid #333333 !important; border-radius:16px !important; padding:26px !important; min-height:210px !important; width:300px !important; max-width:100% !important; display:flex !important; align-items:center !important; justify-content:center !important; text-align:center !important; cursor:pointer !important; transition:0.25s ease !important;\">\n<h3 style=\"color:#ffffff !important; font-size:22px !important; font-weight:800 !important; margin:0 !important;\">\n        Klasyczna<br \/>\n      <\/h3>\n<\/p><\/div>\n<div onclick=\"window.location.href='https:\/\/ubieramykibicow.pl\/?page_id=598'\" onmouseover=\"this.style.borderColor='#c79618'; this.style.boxShadow='0 0 24px rgba(199,150,24,0.25)';\" onmouseout=\"this.style.borderColor='#333333'; this.style.boxShadow='none';\" style=\"background:#050505 !important; border:1px solid #333333 !important; border-radius:16px !important; padding:26px !important; min-height:210px !important; width:300px !important; max-width:100% !important; display:flex !important; align-items:center !important; justify-content:center !important; text-align:center !important; cursor:pointer !important; transition:0.25s ease !important;\">\n<h3 style=\"color:#ffffff !important; font-size:22px !important; font-weight:800 !important; margin:0 !important;\">\n        Raglan<br \/>\n      <\/h3>\n<\/p><\/div>\n<div onclick=\"window.location.href='https:\/\/ubieramykibicow.pl\/?page_id=596'\" onmouseover=\"this.style.borderColor='#c79618'; this.style.boxShadow='0 0 24px rgba(199,150,24,0.25)';\" onmouseout=\"this.style.borderColor='#333333'; this.style.boxShadow='none';\" style=\"background:#050505 !important; border:1px solid #333333 !important; border-radius:16px !important; padding:26px !important; min-height:210px !important; width:300px !important; max-width:100% !important; display:flex !important; align-items:center !important; justify-content:center !important; text-align:center !important; cursor:pointer !important; transition:0.25s ease !important;\">\n<h3 style=\"color:#ffffff !important; font-size:22px !important; font-weight:800 !important; margin:0 !important;\">\n        Ninja<br \/>\n      <\/h3>\n<\/p><\/div>\n<div onclick=\"window.location.href='https:\/\/ubieramykibicow.pl\/?page_id=594'\" onmouseover=\"this.style.borderColor='#c79618'; this.style.boxShadow='0 0 24px rgba(199,150,24,0.25)';\" onmouseout=\"this.style.borderColor='#333333'; this.style.boxShadow='none';\" style=\"background:#050505 !important; border:1px solid #333333 !important; border-radius:16px !important; padding:26px !important; min-height:210px !important; width:300px !important; max-width:100% !important; display:flex !important; align-items:center !important; justify-content:center !important; text-align:center !important; cursor:pointer !important; transition:0.25s ease !important;\">\n<h3 style=\"color:#ffffff !important; font-size:22px !important; font-weight:800 !important; margin:0 !important;\">\n        Baseball<br \/>\n      <\/h3>\n<\/p><\/div>\n<\/p><\/div>\n<div style=\"text-align:center !important; margin-top:40px !important;\">\n<div onclick=\"window.location.href='https:\/\/ubieramykibicow.pl\/#kontakt'\" style=\"background:#c79618 !important; color:#050505 !important; width:190px !important; height:44px !important; border-radius:7px !important; font-weight:800 !important; font-size:14px !important; display:flex !important; align-items:center !important; justify-content:center !important; line-height:1 !important; padding:0 !important; margin:0 auto !important; cursor:pointer !important;\">\n      Skontaktuj si\u0119\n    <\/div>\n<\/p><\/div>\n<\/section>\n","protected":false},"excerpt":{"rendered":"<p>Bluzy Najpopularniejsze modele bluz na zam\u00f3wienie dost\u0119pne w naszej ofercie. Wykonujemy bluzy kibicowskie, bluzy firmowe oraz bluzy dla grup, ekip [&hellip;]<\/p>\n","protected":false},"author":1,"featured_media":0,"parent":0,"menu_order":0,"comment_status":"closed","ping_status":"closed","template":"","meta":{"site-sidebar-layout":"default","site-content-layout":"","ast-site-content-layout":"default","site-content-style":"default","site-sidebar-style":"default","ast-global-header-display":"","ast-banner-title-visibility":"","ast-main-header-display":"","ast-hfb-above-header-display":"","ast-hfb-below-header-display":"","ast-hfb-mobile-header-display":"","site-post-title":"","ast-breadcrumbs-content":"","ast-featured-img":"","footer-sml-layout":"","ast-disable-related-posts":"","theme-transparent-header-meta":"","adv-header-id-meta":"","stick-header-meta":"","header-above-stick-meta":"","header-main-stick-meta":"","header-below-stick-meta":"","astra-migrate-meta-layouts":"default","ast-page-background-enabled":"default","ast-page-background-meta":{"desktop":{"background-color":"var(--ast-global-color-5)","background-image":"","background-repeat":"repeat","background-position":"center center","background-size":"auto","background-attachment":"scroll","background-type":"","background-media":"","overlay-type":"","overlay-color":"","overlay-opacity":"","overlay-gradient":""},"tablet":{"background-color":"","background-image":"","background-repeat":"repeat","background-position":"center center","background-size":"auto","background-attachment":"scroll","background-type":"","background-media":"","overlay-type":"","overlay-color":"","overlay-opacity":"","overlay-gradient":""},"mobile":{"background-color":"","background-image":"","background-repeat":"repeat","background-position":"center center","background-size":"auto","background-attachment":"scroll","background-type":"","background-media":"","overlay-type":"","overlay-color":"","overlay-opacity":"","overlay-gradient":""}},"ast-content-background-meta":{"desktop":{"background-color":"var(--ast-global-color-4)","background-image":"","background-repeat":"repeat","background-position":"center center","background-size":"auto","background-attachment":"scroll","background-type":"","background-media":"","overlay-type":"","overlay-color":"","overlay-opacity":"","overlay-gradient":""},"tablet":{"background-color":"var(--ast-global-color-4)","background-image":"","background-repeat":"repeat","background-position":"center center","background-size":"auto","background-attachment":"scroll","background-type":"","background-media":"","overlay-type":"","overlay-color":"","overlay-opacity":"","overlay-gradient":""},"mobile":{"background-color":"var(--ast-global-color-4)","background-image":"","background-repeat":"repeat","background-position":"center center","background-size":"auto","background-attachment":"scroll","background-type":"","background-media":"","overlay-type":"","overlay-color":"","overlay-opacity":"","overlay-gradient":""}},"footnotes":""},"class_list":["post-112","page","type-page","status-publish","hentry"],"_links":{"self":[{"href":"https:\/\/ubieramykibicow.pl\/index.php?rest_route=\/wp\/v2\/pages\/112","targetHints":{"allow":["GET"]}}],"collection":[{"href":"https:\/\/ubieramykibicow.pl\/index.php?rest_route=\/wp\/v2\/pages"}],"about":[{"href":"https:\/\/ubieramykibicow.pl\/index.php?rest_route=\/wp\/v2\/types\/page"}],"author":[{"embeddable":true,"href":"https:\/\/ubieramykibicow.pl\/index.php?rest_route=\/wp\/v2\/users\/1"}],"replies":[{"embeddable":true,"href":"https:\/\/ubieramykibicow.pl\/index.php?rest_route=%2Fwp%2Fv2%2Fcomments&post=112"}],"version-history":[{"count":19,"href":"https:\/\/ubieramykibicow.pl\/index.php?rest_route=\/wp\/v2\/pages\/112\/revisions"}],"predecessor-version":[{"id":648,"href":"https:\/\/ubieramykibicow.pl\/index.php?rest_route=\/wp\/v2\/pages\/112\/revisions\/648"}],"wp:attachment":[{"href":"https:\/\/ubieramykibicow.pl\/index.php?rest_route=%2Fwp%2Fv2%2Fmedia&parent=112"}],"curies":[{"name":"wp","href":"https:\/\/api.w.org\/{rel}","templated":true}]}}