{"id":319,"date":"2026-05-09T14:13:37","date_gmt":"2026-05-09T12:13:37","guid":{"rendered":"https:\/\/ubieramykibicow.pl\/?page_id=319"},"modified":"2026-05-10T00:12:45","modified_gmt":"2026-05-09T22:12:45","slug":"czapki-i-akcesoria","status":"publish","type":"page","link":"https:\/\/ubieramykibicow.pl\/?page_id=319","title":{"rendered":"Czapki i akcesoria"},"content":{"rendered":"<section class=\"uk-section\" id=\"czapki\">\n<h1 style=\"color:#b8b8b8 !important; text-align:center !important;\">\n    Czapki i akcesoria<br \/>\n  <\/h1>\n<p style=\"color:#ffffff !important; text-align:center !important; max-width:900px !important; margin-left:auto !important; margin-right:auto !important;\">\n    Wykonujemy czapki, kominiarki, buffy oraz akcesoria na zam\u00f3wienie dla ekip, grup, firm i marek. Ka\u017cdy produkt mo\u017cemy przygotowa\u0107 pod indywidualny projekt, haft, nadruk, naszywk\u0119 lub w\u0142asn\u0105 kolorystyk\u0119.\n  <\/p>\n<div class=\"uk-products-grid\">\n<div class=\"uk-product-card\" onclick=\"window.location.href='https:\/\/ubieramykibicow.pl\/?page_id=421'\" style=\"cursor:pointer;\">\n      <img decoding=\"async\" src=\"http:\/\/ubieramykibicow.pl\/wp-content\/uploads\/2026\/05\/CZAPKA-Z-DASZKIEM.png\" alt=\"Czapka z daszkiem\" style=\"filter: invert(1) brightness(0.65) contrast(1.4) !important;\"><\/p>\n<h3>Czapka z daszkiem<\/h3>\n<\/p><\/div>\n<div class=\"uk-product-card\" onclick=\"window.location.href='https:\/\/ubieramykibicow.pl\/?page_id=417'\" style=\"cursor:pointer;\">\n      <img decoding=\"async\" src=\"http:\/\/ubieramykibicow.pl\/wp-content\/uploads\/2026\/05\/KOMINARKA-scaled.png\" alt=\"Kominiarka\" style=\"filter: invert(1) brightness(0.65) contrast(1.4) !important;\"><\/p>\n<h3>Kominiarka<\/h3>\n<\/p><\/div>\n<div class=\"uk-product-card\" onclick=\"window.location.href='https:\/\/ubieramykibicow.pl\/?page_id=419'\" style=\"cursor:pointer;\">\n      <img decoding=\"async\" src=\"http:\/\/ubieramykibicow.pl\/wp-content\/uploads\/2026\/05\/rybaczka.png\" alt=\"Rybaczka\" style=\"filter: invert(1) brightness(0.65) contrast(1.4) !important;\"><\/p>\n<h3>Rybaczka<\/h3>\n<\/p><\/div>\n<div class=\"uk-product-card\" onclick=\"window.location.href='https:\/\/ubieramykibicow.pl\/?page_id=426'\" style=\"cursor:pointer;\">\n      <img decoding=\"async\" src=\"http:\/\/ubieramykibicow.pl\/wp-content\/uploads\/2026\/05\/SMYCZ-1-scaled.png\" alt=\"Smycz\" style=\"filter: invert(1) brightness(0.55) contrast(1.5) !important;\"><\/p>\n<h3>Smycze<\/h3>\n<\/p><\/div>\n<div class=\"uk-product-card\" onclick=\"window.location.href='https:\/\/ubieramykibicow.pl\/?page_id=428'\" style=\"cursor:pointer;\">\n      <img decoding=\"async\" src=\"http:\/\/ubieramykibicow.pl\/wp-content\/uploads\/2026\/05\/SASZETKA.png\" alt=\"Saszetka\" style=\"filter: invert(1) brightness(0.65) contrast(1.4) !important;\"><\/p>\n<h3>Saszetki<\/h3>\n<\/p><\/div>\n<div class=\"uk-product-card\" onclick=\"window.location.href='https:\/\/ubieramykibicow.pl\/?page_id=430'\" style=\"cursor:pointer;\">\n      <img decoding=\"async\" src=\"http:\/\/ubieramykibicow.pl\/wp-content\/uploads\/2026\/05\/BUFF.png\" alt=\"Buff\" style=\"filter: invert(1) brightness(0.65) contrast(1.4) !important;\"><\/p>\n<h3>Buff<\/h3>\n<\/p><\/div>\n<div class=\"uk-product-card\" onclick=\"window.location.href='https:\/\/ubieramykibicow.pl\/?page_id=432'\" style=\"cursor:pointer;\">\n      <img decoding=\"async\" src=\"http:\/\/ubieramykibicow.pl\/wp-content\/uploads\/2026\/05\/WORKOPLECAK.png\" alt=\"Worek\" style=\"filter: invert(1) brightness(0.65) contrast(1.4) !important;\"><\/p>\n<h3>Worek<\/h3>\n<\/p><\/div>\n<div class=\"uk-product-card\" onclick=\"window.location.href='https:\/\/ubieramykibicow.pl\/?page_id=434'\" style=\"cursor:pointer;\">\n      <img decoding=\"async\" src=\"http:\/\/ubieramykibicow.pl\/wp-content\/uploads\/2026\/05\/PORTFEL.png\" alt=\"Portfel\" style=\"filter: invert(1) brightness(0.65) contrast(1.4) !important;\"><\/p>\n<h3>Portfel<\/h3>\n<\/p><\/div>\n<div class=\"uk-product-card\" onclick=\"window.location.href='https:\/\/ubieramykibicow.pl\/?page_id=436'\" style=\"cursor:pointer;\">\n      <img decoding=\"async\" src=\"http:\/\/ubieramykibicow.pl\/wp-content\/uploads\/2026\/05\/SZALIK-PASIAK.png\" alt=\"Szalik\" style=\"filter: invert(1) brightness(0.65) contrast(1.4) !important;\"><\/p>\n<h3>Szalik<\/h3>\n<\/p><\/div>\n<div class=\"uk-product-card\" onclick=\"window.location.href='https:\/\/ubieramykibicow.pl\/?page_id=438'\" style=\"cursor:pointer;\">\n      <img decoding=\"async\" src=\"http:\/\/ubieramykibicow.pl\/wp-content\/uploads\/2026\/05\/recznik-scaled.png\" alt=\"R\u0119cznik\" style=\"filter: invert(1) brightness(0.65) contrast(1.4) !important;\"><\/p>\n<h3>R\u0119cznik<\/h3>\n<\/p><\/div>\n<div class=\"uk-product-card\" onclick=\"window.location.href='https:\/\/ubieramykibicow.pl\/?page_id=440'\" style=\"cursor:pointer;\">\n      <img decoding=\"async\" src=\"http:\/\/ubieramykibicow.pl\/wp-content\/uploads\/2026\/05\/poduszka.png\" alt=\"Poduszka\" style=\"filter: invert(1) brightness(0.65) contrast(1.4) !important;\"><\/p>\n<h3>Poduszki<\/h3>\n<\/p><\/div>\n<div class=\"uk-product-card\" onclick=\"window.location.href='https:\/\/ubieramykibicow.pl\/?page_id=442'\" style=\"cursor:pointer;\">\n      <img decoding=\"async\" src=\"http:\/\/ubieramykibicow.pl\/wp-content\/uploads\/2026\/05\/CZAPKA-ZIMOWA.png\" alt=\"Czapka zimowa\" style=\"filter: invert(1) brightness(0.65) contrast(1.4) !important;\"><\/p>\n<h3>Czapka zimowa<\/h3>\n<\/p><\/div>\n<\/p><\/div>\n<\/section>\n","protected":false},"excerpt":{"rendered":"<p>Czapki i akcesoria Wykonujemy czapki, kominiarki, buffy oraz akcesoria na zam\u00f3wienie dla ekip, grup, firm i marek. Ka\u017cdy produkt mo\u017cemy [&hellip;]<\/p>\n","protected":false},"author":1,"featured_media":0,"parent":0,"menu_order":0,"comment_status":"closed","ping_status":"closed","template":"","meta":{"site-sidebar-layout":"default","site-content-layout":"","ast-site-content-layout":"default","site-content-style":"default","site-sidebar-style":"default","ast-global-header-display":"","ast-banner-title-visibility":"","ast-main-header-display":"","ast-hfb-above-header-display":"","ast-hfb-below-header-display":"","ast-hfb-mobile-header-display":"","site-post-title":"","ast-breadcrumbs-content":"","ast-featured-img":"","footer-sml-layout":"","ast-disable-related-posts":"","theme-transparent-header-meta":"","adv-header-id-meta":"","stick-header-meta":"","header-above-stick-meta":"","header-main-stick-meta":"","header-below-stick-meta":"","astra-migrate-meta-layouts":"default","ast-page-background-enabled":"default","ast-page-background-meta":{"desktop":{"background-color":"var(--ast-global-color-5)","background-image":"","background-repeat":"repeat","background-position":"center center","background-size":"auto","background-attachment":"scroll","background-type":"","background-media":"","overlay-type":"","overlay-color":"","overlay-opacity":"","overlay-gradient":""},"tablet":{"background-color":"","background-image":"","background-repeat":"repeat","background-position":"center center","background-size":"auto","background-attachment":"scroll","background-type":"","background-media":"","overlay-type":"","overlay-color":"","overlay-opacity":"","overlay-gradient":""},"mobile":{"background-color":"","background-image":"","background-repeat":"repeat","background-position":"center center","background-size":"auto","background-attachment":"scroll","background-type":"","background-media":"","overlay-type":"","overlay-color":"","overlay-opacity":"","overlay-gradient":""}},"ast-content-background-meta":{"desktop":{"background-color":"var(--ast-global-color-4)","background-image":"","background-repeat":"repeat","background-position":"center center","background-size":"auto","background-attachment":"scroll","background-type":"","background-media":"","overlay-type":"","overlay-color":"","overlay-opacity":"","overlay-gradient":""},"tablet":{"background-color":"var(--ast-global-color-4)","background-image":"","background-repeat":"repeat","background-position":"center center","background-size":"auto","background-attachment":"scroll","background-type":"","background-media":"","overlay-type":"","overlay-color":"","overlay-opacity":"","overlay-gradient":""},"mobile":{"background-color":"var(--ast-global-color-4)","background-image":"","background-repeat":"repeat","background-position":"center center","background-size":"auto","background-attachment":"scroll","background-type":"","background-media":"","overlay-type":"","overlay-color":"","overlay-opacity":"","overlay-gradient":""}},"footnotes":""},"class_list":["post-319","page","type-page","status-publish","hentry"],"_links":{"self":[{"href":"https:\/\/ubieramykibicow.pl\/index.php?rest_route=\/wp\/v2\/pages\/319","targetHints":{"allow":["GET"]}}],"collection":[{"href":"https:\/\/ubieramykibicow.pl\/index.php?rest_route=\/wp\/v2\/pages"}],"about":[{"href":"https:\/\/ubieramykibicow.pl\/index.php?rest_route=\/wp\/v2\/types\/page"}],"author":[{"embeddable":true,"href":"https:\/\/ubieramykibicow.pl\/index.php?rest_route=\/wp\/v2\/users\/1"}],"replies":[{"embeddable":true,"href":"https:\/\/ubieramykibicow.pl\/index.php?rest_route=%2Fwp%2Fv2%2Fcomments&post=319"}],"version-history":[{"count":12,"href":"https:\/\/ubieramykibicow.pl\/index.php?rest_route=\/wp\/v2\/pages\/319\/revisions"}],"predecessor-version":[{"id":444,"href":"https:\/\/ubieramykibicow.pl\/index.php?rest_route=\/wp\/v2\/pages\/319\/revisions\/444"}],"wp:attachment":[{"href":"https:\/\/ubieramykibicow.pl\/index.php?rest_route=%2Fwp%2Fv2%2Fmedia&parent=319"}],"curies":[{"name":"wp","href":"https:\/\/api.w.org\/{rel}","templated":true}]}}