{"id":355,"date":"2026-05-09T17:57:13","date_gmt":"2026-05-09T15:57:13","guid":{"rendered":"https:\/\/ubieramykibicow.pl\/?page_id=355"},"modified":"2026-05-09T18:34:05","modified_gmt":"2026-05-09T16:34:05","slug":"sitodruk","status":"publish","type":"page","link":"https:\/\/ubieramykibicow.pl\/?page_id=355","title":{"rendered":"Sitodruk"},"content":{"rendered":"<section class=\"uk-section\" id=\"sitodruk\">\n<h1 style=\"color:#b8b8b8 !important; text-align:center !important;\">\n    Sitodruk<br \/>\n  <\/h1>\n<div style=\"max-width:900px !important; margin-left:auto !important; margin-right:auto !important; text-align:center !important;\">\n<p style=\"color:#ffffff !important;\">\n      Sitodruk to trwa\u0142a i sprawdzona metoda znakowania odzie\u017cy, szczeg\u00f3lnie polecana przy wi\u0119kszych nak\u0142adach. Pozwala uzyska\u0107 wyra\u017any i odporny nadruk na koszulkach, bluzach oraz odzie\u017cy reklamowej.\n    <\/p>\n<p style=\"color:#ffffff !important;\">\n      Metod\u0119 t\u0119 wykorzystujemy przy prostszych grafikach, napisach, logotypach oraz projektach wykonywanych w powtarzalnych seriach. Sitodruk dobrze sprawdza si\u0119 tam, gdzie liczy si\u0119 trwa\u0142o\u015b\u0107, powtarzalno\u015b\u0107 i korzystna cena przy wi\u0119kszej liczbie sztuk.\n    <\/p>\n<p style=\"color:#ffffff !important;\">\nPracujemy na maszynach M&#038;R oraz farbach plastizolowych z serii Wilflex, co pozwala uzyska\u0107 trwa\u0142y, wyrazisty i powtarzalny nadruk oraz mo\u017cliwo\u015b\u0107 u\u017cycia efekt\u00f3w specjalnych.\n   <\/p>\n<p style=\"color:#ffffff !important;\">\n      Przed realizacj\u0105 analizujemy projekt, liczb\u0119 kolor\u00f3w, rodzaj materia\u0142u oraz ilo\u015b\u0107 odzie\u017cy. Na tej podstawie dobieramy odpowiednie rozwi\u0105zanie i przygotowujemy wycen\u0119.\n    <\/p>\n<p style=\"color:#ffffff !important;\">\n      Skontaktuj si\u0119 z nami i pode\u015blij projekt. Sprawdzimy mo\u017cliwo\u015bci wykonania i przygotujemy wycen\u0119 sitodruku.\n    <\/p>\n<\/p><\/div>\n<div style=\"text-align:center !important; margin-top:34px !important;\">\n<div onclick=\"window.location.href='https:\/\/ubieramykibicow.pl\/#kontakt'\" style=\"background:#c79618 !important; color:#050505 !important; width:190px !important; height:44px !important; border-radius:7px !important; font-weight:800 !important; font-size:14px !important; display:flex !important; align-items:center !important; justify-content:center !important; line-height:1 !important; padding:0 !important; margin:0 auto !important; cursor:pointer !important;\">\n      Skontaktuj si\u0119\n    <\/div>\n<\/p><\/div>\n<\/section>\n","protected":false},"excerpt":{"rendered":"<p>Sitodruk Sitodruk to trwa\u0142a i sprawdzona metoda znakowania odzie\u017cy, szczeg\u00f3lnie polecana przy wi\u0119kszych nak\u0142adach. Pozwala uzyska\u0107 wyra\u017any i odporny nadruk [&hellip;]<\/p>\n","protected":false},"author":1,"featured_media":0,"parent":0,"menu_order":0,"comment_status":"closed","ping_status":"closed","template":"","meta":{"site-sidebar-layout":"default","site-content-layout":"","ast-site-content-layout":"default","site-content-style":"default","site-sidebar-style":"default","ast-global-header-display":"","ast-banner-title-visibility":"","ast-main-header-display":"","ast-hfb-above-header-display":"","ast-hfb-below-header-display":"","ast-hfb-mobile-header-display":"","site-post-title":"","ast-breadcrumbs-content":"","ast-featured-img":"","footer-sml-layout":"","ast-disable-related-posts":"","theme-transparent-header-meta":"","adv-header-id-meta":"","stick-header-meta":"","header-above-stick-meta":"","header-main-stick-meta":"","header-below-stick-meta":"","astra-migrate-meta-layouts":"default","ast-page-background-enabled":"default","ast-page-background-meta":{"desktop":{"background-color":"var(--ast-global-color-5)","background-image":"","background-repeat":"repeat","background-position":"center center","background-size":"auto","background-attachment":"scroll","background-type":"","background-media":"","overlay-type":"","overlay-color":"","overlay-opacity":"","overlay-gradient":""},"tablet":{"background-color":"","background-image":"","background-repeat":"repeat","background-position":"center center","background-size":"auto","background-attachment":"scroll","background-type":"","background-media":"","overlay-type":"","overlay-color":"","overlay-opacity":"","overlay-gradient":""},"mobile":{"background-color":"","background-image":"","background-repeat":"repeat","background-position":"center center","background-size":"auto","background-attachment":"scroll","background-type":"","background-media":"","overlay-type":"","overlay-color":"","overlay-opacity":"","overlay-gradient":""}},"ast-content-background-meta":{"desktop":{"background-color":"var(--ast-global-color-4)","background-image":"","background-repeat":"repeat","background-position":"center center","background-size":"auto","background-attachment":"scroll","background-type":"","background-media":"","overlay-type":"","overlay-color":"","overlay-opacity":"","overlay-gradient":""},"tablet":{"background-color":"var(--ast-global-color-4)","background-image":"","background-repeat":"repeat","background-position":"center center","background-size":"auto","background-attachment":"scroll","background-type":"","background-media":"","overlay-type":"","overlay-color":"","overlay-opacity":"","overlay-gradient":""},"mobile":{"background-color":"var(--ast-global-color-4)","background-image":"","background-repeat":"repeat","background-position":"center center","background-size":"auto","background-attachment":"scroll","background-type":"","background-media":"","overlay-type":"","overlay-color":"","overlay-opacity":"","overlay-gradient":""}},"footnotes":""},"class_list":["post-355","page","type-page","status-publish","hentry"],"_links":{"self":[{"href":"https:\/\/ubieramykibicow.pl\/index.php?rest_route=\/wp\/v2\/pages\/355","targetHints":{"allow":["GET"]}}],"collection":[{"href":"https:\/\/ubieramykibicow.pl\/index.php?rest_route=\/wp\/v2\/pages"}],"about":[{"href":"https:\/\/ubieramykibicow.pl\/index.php?rest_route=\/wp\/v2\/types\/page"}],"author":[{"embeddable":true,"href":"https:\/\/ubieramykibicow.pl\/index.php?rest_route=\/wp\/v2\/users\/1"}],"replies":[{"embeddable":true,"href":"https:\/\/ubieramykibicow.pl\/index.php?rest_route=%2Fwp%2Fv2%2Fcomments&post=355"}],"version-history":[{"count":3,"href":"https:\/\/ubieramykibicow.pl\/index.php?rest_route=\/wp\/v2\/pages\/355\/revisions"}],"predecessor-version":[{"id":377,"href":"https:\/\/ubieramykibicow.pl\/index.php?rest_route=\/wp\/v2\/pages\/355\/revisions\/377"}],"wp:attachment":[{"href":"https:\/\/ubieramykibicow.pl\/index.php?rest_route=%2Fwp%2Fv2%2Fmedia&parent=355"}],"curies":[{"name":"wp","href":"https:\/\/api.w.org\/{rel}","templated":true}]}}