{"id":367,"date":"2026-05-09T18:02:54","date_gmt":"2026-05-09T16:02:54","guid":{"rendered":"https:\/\/ubieramykibicow.pl\/?page_id=367"},"modified":"2026-05-09T18:45:48","modified_gmt":"2026-05-09T16:45:48","slug":"folia-flex","status":"publish","type":"page","link":"https:\/\/ubieramykibicow.pl\/?page_id=367","title":{"rendered":"Folia Flex"},"content":{"rendered":"<section class=\"uk-section\" id=\"folia-flex\">\n<h1 style=\"color:#b8b8b8 !important; text-align:center !important;\">\n    Folia FLEX<br \/>\n  <\/h1>\n<div style=\"max-width:900px !important; margin-left:auto !important; margin-right:auto !important; text-align:center !important;\">\n<p style=\"color:#ffffff !important;\">\n      Folia FLEX to metoda znakowania odzie\u017cy polegaj\u0105ca na wycinaniu projektu z folii za pomoc\u0105 plotera tn\u0105cego lub lasera, a nast\u0119pnie wgrzewaniu go w materia\u0142 za pomoc\u0105 prasy.\n    <\/p>\n<p style=\"color:#ffffff !important;\">\n      Sprawdza si\u0119 szczeg\u00f3lnie przy prostych grafikach, napisach, numerach, nazwach, logotypach oraz personalizacji odzie\u017cy sportowej i kibicowskiej.\n    <\/p>\n<p style=\"color:#ffffff !important;\">\n      Folia FLEX dobrze sprawdza si\u0119 przy mniejszych seriach, pojedynczych realizacjach oraz projektach wymagaj\u0105cych wyra\u017anego, jednokolorowego lub prostego nadruku.\n    <\/p>\n<p style=\"color:#ffffff !important;\">\n      Skontaktuj si\u0119 z nami i pode\u015blij projekt. Sprawdzimy mo\u017cliwo\u015bci wykonania i przygotujemy wycen\u0119 nadruku foli\u0105 FLEX.\n    <\/p>\n<\/p><\/div>\n<div style=\"text-align:center !important; margin-top:34px !important;\">\n<div onclick=\"window.location.href='https:\/\/ubieramykibicow.pl\/#kontakt'\" style=\"background:#c79618 !important; color:#050505 !important; width:190px !important; height:44px !important; border-radius:7px !important; font-weight:800 !important; font-size:14px !important; display:flex !important; align-items:center !important; justify-content:center !important; line-height:1 !important; padding:0 !important; margin:0 auto !important; cursor:pointer !important;\">\n      Skontaktuj si\u0119\n    <\/div>\n<\/p><\/div>\n<\/section>\n","protected":false},"excerpt":{"rendered":"<p>Folia FLEX Folia FLEX to metoda znakowania odzie\u017cy polegaj\u0105ca na wycinaniu projektu z folii za pomoc\u0105 plotera tn\u0105cego lub lasera, [&hellip;]<\/p>\n","protected":false},"author":1,"featured_media":0,"parent":0,"menu_order":0,"comment_status":"closed","ping_status":"closed","template":"","meta":{"site-sidebar-layout":"default","site-content-layout":"","ast-site-content-layout":"default","site-content-style":"default","site-sidebar-style":"default","ast-global-header-display":"","ast-banner-title-visibility":"","ast-main-header-display":"","ast-hfb-above-header-display":"","ast-hfb-below-header-display":"","ast-hfb-mobile-header-display":"","site-post-title":"","ast-breadcrumbs-content":"","ast-featured-img":"","footer-sml-layout":"","ast-disable-related-posts":"","theme-transparent-header-meta":"","adv-header-id-meta":"","stick-header-meta":"","header-above-stick-meta":"","header-main-stick-meta":"","header-below-stick-meta":"","astra-migrate-meta-layouts":"default","ast-page-background-enabled":"default","ast-page-background-meta":{"desktop":{"background-color":"var(--ast-global-color-5)","background-image":"","background-repeat":"repeat","background-position":"center center","background-size":"auto","background-attachment":"scroll","background-type":"","background-media":"","overlay-type":"","overlay-color":"","overlay-opacity":"","overlay-gradient":""},"tablet":{"background-color":"","background-image":"","background-repeat":"repeat","background-position":"center center","background-size":"auto","background-attachment":"scroll","background-type":"","background-media":"","overlay-type":"","overlay-color":"","overlay-opacity":"","overlay-gradient":""},"mobile":{"background-color":"","background-image":"","background-repeat":"repeat","background-position":"center center","background-size":"auto","background-attachment":"scroll","background-type":"","background-media":"","overlay-type":"","overlay-color":"","overlay-opacity":"","overlay-gradient":""}},"ast-content-background-meta":{"desktop":{"background-color":"var(--ast-global-color-4)","background-image":"","background-repeat":"repeat","background-position":"center center","background-size":"auto","background-attachment":"scroll","background-type":"","background-media":"","overlay-type":"","overlay-color":"","overlay-opacity":"","overlay-gradient":""},"tablet":{"background-color":"var(--ast-global-color-4)","background-image":"","background-repeat":"repeat","background-position":"center center","background-size":"auto","background-attachment":"scroll","background-type":"","background-media":"","overlay-type":"","overlay-color":"","overlay-opacity":"","overlay-gradient":""},"mobile":{"background-color":"var(--ast-global-color-4)","background-image":"","background-repeat":"repeat","background-position":"center center","background-size":"auto","background-attachment":"scroll","background-type":"","background-media":"","overlay-type":"","overlay-color":"","overlay-opacity":"","overlay-gradient":""}},"footnotes":""},"class_list":["post-367","page","type-page","status-publish","hentry"],"_links":{"self":[{"href":"https:\/\/ubieramykibicow.pl\/index.php?rest_route=\/wp\/v2\/pages\/367","targetHints":{"allow":["GET"]}}],"collection":[{"href":"https:\/\/ubieramykibicow.pl\/index.php?rest_route=\/wp\/v2\/pages"}],"about":[{"href":"https:\/\/ubieramykibicow.pl\/index.php?rest_route=\/wp\/v2\/types\/page"}],"author":[{"embeddable":true,"href":"https:\/\/ubieramykibicow.pl\/index.php?rest_route=\/wp\/v2\/users\/1"}],"replies":[{"embeddable":true,"href":"https:\/\/ubieramykibicow.pl\/index.php?rest_route=%2Fwp%2Fv2%2Fcomments&post=367"}],"version-history":[{"count":2,"href":"https:\/\/ubieramykibicow.pl\/index.php?rest_route=\/wp\/v2\/pages\/367\/revisions"}],"predecessor-version":[{"id":381,"href":"https:\/\/ubieramykibicow.pl\/index.php?rest_route=\/wp\/v2\/pages\/367\/revisions\/381"}],"wp:attachment":[{"href":"https:\/\/ubieramykibicow.pl\/index.php?rest_route=%2Fwp%2Fv2%2Fmedia&parent=367"}],"curies":[{"name":"wp","href":"https:\/\/api.w.org\/{rel}","templated":true}]}}