{"id":419,"date":"2026-05-09T23:53:22","date_gmt":"2026-05-09T21:53:22","guid":{"rendered":"https:\/\/ubieramykibicow.pl\/?page_id=419"},"modified":"2026-05-10T11:14:02","modified_gmt":"2026-05-10T09:14:02","slug":"rybaczki","status":"publish","type":"page","link":"https:\/\/ubieramykibicow.pl\/?page_id=419","title":{"rendered":"Rybaczki"},"content":{"rendered":"<section class=\"uk-section\" id=\"rybaczki\">\n<h1 style=\"color:#b8b8b8 !important; text-align:center !important;\">\n    Rybaczki<br \/>\n  <\/h1>\n<div style=\"max-width:900px !important; margin-left:auto !important; margin-right:auto !important; text-align:center !important;\">\n<p style=\"color:#ffffff !important;\">\n      W ofercie posiadamy rybaczki reklamowe, kt\u00f3re mo\u017cemy obrandowa\u0107 nadrukiem DTF, a tak\u017ce rybaczki szyte przez nas od podstaw wed\u0142ug indywidualnego projektu.\n    <\/p>\n<p style=\"color:#ffffff !important;\">\n      Dzi\u0119ki w\u0142asnej produkcji mo\u017cemy przygotowa\u0107 rybaczki z haftem, nadrukiem full print oraz w\u0142asn\u0105 kolorystyk\u0105.\n    <\/p>\n<p style=\"color:#ffffff !important;\">\n      To dobre rozwi\u0105zanie dla ekip, grup, klub\u00f3w, firm, marek odzie\u017cowych oraz jako element odzie\u017cy streetwearowej, kibicowskiej lub promocyjnej.\n    <\/p>\n<p style=\"color:#ffffff !important;\">\n      Skontaktuj si\u0119 z nami i pode\u015blij projekt. Sprawdzimy mo\u017cliwo\u015bci wykonania i przygotujemy wycen\u0119 rybaczek.\n    <\/p>\n<\/p><\/div>\n<div style=\"margin-top:45px !important; text-align:center !important;\">\n<h2 style=\"color:#b8b8b8 !important; text-align:center !important;\">\n      Przyk\u0142adowe realizacje<br \/>\n    <\/h2>\n<div style=\"display:grid !important; grid-template-columns:repeat(3, 1fr) !important; gap:20px !important; margin-top:30px !important;\">\n<div style=\"background:#2b2b2b !important; border:1px solid #444444 !important; border-radius:18px !important; padding:18px !important; text-align:center !important;\">\n        <a href=\"http:\/\/ubieramykibicow.pl\/wp-content\/uploads\/2026\/05\/beret-acab.jpg\" data-slb-group=\"rybaczki-realizacje\"><br \/>\n          <img decoding=\"async\" src=\"http:\/\/ubieramykibicow.pl\/wp-content\/uploads\/2026\/05\/beret-acab.jpg\" alt=\"Rybaczka z haftem\" style=\"width:100% !important; height:230px !important; object-fit:cover !important; object-position:center !important; border-radius:14px !important; filter:none !important; cursor:pointer !important;\"><br \/>\n        <\/a><\/p>\n<h3 style=\"color:#b8b8b8 !important; font-size:18px !important; margin:16px 0 0 0 !important;\">\n          Rybaczka ACAB<br \/>\n        <\/h3>\n<\/p><\/div>\n<div style=\"background:#2b2b2b !important; border:1px solid #444444 !important; border-radius:18px !important; padding:18px !important; text-align:center !important;\">\n        <a href=\"http:\/\/ubieramykibicow.pl\/wp-content\/uploads\/2026\/05\/beret-moro-polska.jpg\" data-slb-group=\"rybaczki-realizacje\"><br \/>\n          <img decoding=\"async\" src=\"http:\/\/ubieramykibicow.pl\/wp-content\/uploads\/2026\/05\/beret-moro-polska.jpg\" alt=\"Rybaczka moro\" style=\"width:100% !important; height:230px !important; object-fit:cover !important; object-position:center !important; border-radius:14px !important; filter:none !important; cursor:pointer !important;\"><br \/>\n        <\/a><\/p>\n<h3 style=\"color:#b8b8b8 !important; font-size:18px !important; margin:16px 0 0 0 !important;\">\n          Rybaczka Orze\u0142<br \/>\n        <\/h3>\n<\/p><\/div>\n<\/p><\/div>\n<\/p><\/div>\n<div style=\"text-align:center !important; margin-top:40px !important;\">\n<div onclick=\"window.location.href='https:\/\/ubieramykibicow.pl\/#kontakt'\" style=\"background:#c79618 !important; color:#050505 !important; width:190px !important; height:44px !important; border-radius:7px !important; font-weight:800 !important; font-size:14px !important; display:flex !important; align-items:center !important; justify-content:center !important; line-height:1 !important; padding:0 !important; margin:0 auto !important; cursor:pointer !important;\">\n      Skontaktuj si\u0119\n    <\/div>\n<\/p><\/div>\n<\/section>\n","protected":false},"excerpt":{"rendered":"<p>Rybaczki W ofercie posiadamy rybaczki reklamowe, kt\u00f3re mo\u017cemy obrandowa\u0107 nadrukiem DTF, a tak\u017ce rybaczki szyte przez nas od podstaw wed\u0142ug [&hellip;]<\/p>\n","protected":false},"author":1,"featured_media":0,"parent":0,"menu_order":0,"comment_status":"closed","ping_status":"closed","template":"","meta":{"site-sidebar-layout":"default","site-content-layout":"","ast-site-content-layout":"default","site-content-style":"default","site-sidebar-style":"default","ast-global-header-display":"","ast-banner-title-visibility":"","ast-main-header-display":"","ast-hfb-above-header-display":"","ast-hfb-below-header-display":"","ast-hfb-mobile-header-display":"","site-post-title":"","ast-breadcrumbs-content":"","ast-featured-img":"","footer-sml-layout":"","ast-disable-related-posts":"","theme-transparent-header-meta":"","adv-header-id-meta":"","stick-header-meta":"","header-above-stick-meta":"","header-main-stick-meta":"","header-below-stick-meta":"","astra-migrate-meta-layouts":"default","ast-page-background-enabled":"default","ast-page-background-meta":{"desktop":{"background-color":"var(--ast-global-color-5)","background-image":"","background-repeat":"repeat","background-position":"center center","background-size":"auto","background-attachment":"scroll","background-type":"","background-media":"","overlay-type":"","overlay-color":"","overlay-opacity":"","overlay-gradient":""},"tablet":{"background-color":"","background-image":"","background-repeat":"repeat","background-position":"center center","background-size":"auto","background-attachment":"scroll","background-type":"","background-media":"","overlay-type":"","overlay-color":"","overlay-opacity":"","overlay-gradient":""},"mobile":{"background-color":"","background-image":"","background-repeat":"repeat","background-position":"center center","background-size":"auto","background-attachment":"scroll","background-type":"","background-media":"","overlay-type":"","overlay-color":"","overlay-opacity":"","overlay-gradient":""}},"ast-content-background-meta":{"desktop":{"background-color":"var(--ast-global-color-4)","background-image":"","background-repeat":"repeat","background-position":"center center","background-size":"auto","background-attachment":"scroll","background-type":"","background-media":"","overlay-type":"","overlay-color":"","overlay-opacity":"","overlay-gradient":""},"tablet":{"background-color":"var(--ast-global-color-4)","background-image":"","background-repeat":"repeat","background-position":"center center","background-size":"auto","background-attachment":"scroll","background-type":"","background-media":"","overlay-type":"","overlay-color":"","overlay-opacity":"","overlay-gradient":""},"mobile":{"background-color":"var(--ast-global-color-4)","background-image":"","background-repeat":"repeat","background-position":"center center","background-size":"auto","background-attachment":"scroll","background-type":"","background-media":"","overlay-type":"","overlay-color":"","overlay-opacity":"","overlay-gradient":""}},"footnotes":""},"class_list":["post-419","page","type-page","status-publish","hentry"],"_links":{"self":[{"href":"https:\/\/ubieramykibicow.pl\/index.php?rest_route=\/wp\/v2\/pages\/419","targetHints":{"allow":["GET"]}}],"collection":[{"href":"https:\/\/ubieramykibicow.pl\/index.php?rest_route=\/wp\/v2\/pages"}],"about":[{"href":"https:\/\/ubieramykibicow.pl\/index.php?rest_route=\/wp\/v2\/types\/page"}],"author":[{"embeddable":true,"href":"https:\/\/ubieramykibicow.pl\/index.php?rest_route=\/wp\/v2\/users\/1"}],"replies":[{"embeddable":true,"href":"https:\/\/ubieramykibicow.pl\/index.php?rest_route=%2Fwp%2Fv2%2Fcomments&post=419"}],"version-history":[{"count":3,"href":"https:\/\/ubieramykibicow.pl\/index.php?rest_route=\/wp\/v2\/pages\/419\/revisions"}],"predecessor-version":[{"id":476,"href":"https:\/\/ubieramykibicow.pl\/index.php?rest_route=\/wp\/v2\/pages\/419\/revisions\/476"}],"wp:attachment":[{"href":"https:\/\/ubieramykibicow.pl\/index.php?rest_route=%2Fwp%2Fv2%2Fmedia&parent=419"}],"curies":[{"name":"wp","href":"https:\/\/api.w.org\/{rel}","templated":true}]}}