{"id":430,"date":"2026-05-09T23:59:47","date_gmt":"2026-05-09T21:59:47","guid":{"rendered":"https:\/\/ubieramykibicow.pl\/?page_id=430"},"modified":"2026-05-10T11:21:41","modified_gmt":"2026-05-10T09:21:41","slug":"buffy","status":"publish","type":"page","link":"https:\/\/ubieramykibicow.pl\/?page_id=430","title":{"rendered":"Kominy"},"content":{"rendered":"<section class=\"uk-section\" id=\"kominy\">\n<h1 style=\"color:#b8b8b8 !important; text-align:center !important;\">\n    Kominy<br \/>\n  <\/h1>\n<div style=\"max-width:900px !important; margin-left:auto !important; margin-right:auto !important; text-align:center !important;\">\n<p style=\"color:#ffffff !important;\">\n      Kominy wykonujemy ju\u017c od 10 sztuk. Oferujemy trzy wersje: bezszwowe, kt\u00f3re s\u0105 najpopularniejszym wyborem, poliestrowe z wyko\u0144czeniem oraz polarowe.\n    <\/p>\n<p style=\"color:#ffffff !important;\">\n      Kominy bezszwowe i poliestrowe zdobimy metod\u0105 sublimacji, dzi\u0119ki czemu mo\u017cemy przygotowa\u0107 pe\u0142nokolorowy nadruk wed\u0142ug indywidualnego projektu.\n    <\/p>\n<p style=\"color:#ffffff !important;\">\n      Kominy polarowe zdobimy haftem. To dobre rozwi\u0105zanie na ci\u0119\u017csze warunki pogodowe oraz przy prostszych znakowaniach, logotypach, napisach lub emblematach.\n    <\/p>\n<p style=\"color:#ffffff !important;\">\n      Skontaktuj si\u0119 z nami i pode\u015blij projekt. Sprawdzimy mo\u017cliwo\u015bci wykonania i przygotujemy wycen\u0119 komin\u00f3w.\n    <\/p>\n<\/p><\/div>\n<div style=\"text-align:center !important; margin-top:40px !important;\">\n<div onclick=\"window.location.href='https:\/\/ubieramykibicow.pl\/#kontakt'\" style=\"background:#c79618 !important; color:#050505 !important; width:190px !important; height:44px !important; border-radius:7px !important; font-weight:800 !important; font-size:14px !important; display:flex !important; align-items:center !important; justify-content:center !important; line-height:1 !important; padding:0 !important; margin:0 auto !important; cursor:pointer !important;\">\n      Skontaktuj si\u0119\n    <\/div>\n<\/p><\/div>\n<\/section>\n","protected":false},"excerpt":{"rendered":"<p>Kominy Kominy wykonujemy ju\u017c od 10 sztuk. Oferujemy trzy wersje: bezszwowe, kt\u00f3re s\u0105 najpopularniejszym wyborem, poliestrowe z wyko\u0144czeniem oraz polarowe. [&hellip;]<\/p>\n","protected":false},"author":1,"featured_media":0,"parent":0,"menu_order":0,"comment_status":"closed","ping_status":"closed","template":"","meta":{"site-sidebar-layout":"default","site-content-layout":"","ast-site-content-layout":"default","site-content-style":"default","site-sidebar-style":"default","ast-global-header-display":"","ast-banner-title-visibility":"","ast-main-header-display":"","ast-hfb-above-header-display":"","ast-hfb-below-header-display":"","ast-hfb-mobile-header-display":"","site-post-title":"","ast-breadcrumbs-content":"","ast-featured-img":"","footer-sml-layout":"","ast-disable-related-posts":"","theme-transparent-header-meta":"","adv-header-id-meta":"","stick-header-meta":"","header-above-stick-meta":"","header-main-stick-meta":"","header-below-stick-meta":"","astra-migrate-meta-layouts":"default","ast-page-background-enabled":"default","ast-page-background-meta":{"desktop":{"background-color":"var(--ast-global-color-5)","background-image":"","background-repeat":"repeat","background-position":"center center","background-size":"auto","background-attachment":"scroll","background-type":"","background-media":"","overlay-type":"","overlay-color":"","overlay-opacity":"","overlay-gradient":""},"tablet":{"background-color":"","background-image":"","background-repeat":"repeat","background-position":"center center","background-size":"auto","background-attachment":"scroll","background-type":"","background-media":"","overlay-type":"","overlay-color":"","overlay-opacity":"","overlay-gradient":""},"mobile":{"background-color":"","background-image":"","background-repeat":"repeat","background-position":"center center","background-size":"auto","background-attachment":"scroll","background-type":"","background-media":"","overlay-type":"","overlay-color":"","overlay-opacity":"","overlay-gradient":""}},"ast-content-background-meta":{"desktop":{"background-color":"var(--ast-global-color-4)","background-image":"","background-repeat":"repeat","background-position":"center center","background-size":"auto","background-attachment":"scroll","background-type":"","background-media":"","overlay-type":"","overlay-color":"","overlay-opacity":"","overlay-gradient":""},"tablet":{"background-color":"var(--ast-global-color-4)","background-image":"","background-repeat":"repeat","background-position":"center center","background-size":"auto","background-attachment":"scroll","background-type":"","background-media":"","overlay-type":"","overlay-color":"","overlay-opacity":"","overlay-gradient":""},"mobile":{"background-color":"var(--ast-global-color-4)","background-image":"","background-repeat":"repeat","background-position":"center center","background-size":"auto","background-attachment":"scroll","background-type":"","background-media":"","overlay-type":"","overlay-color":"","overlay-opacity":"","overlay-gradient":""}},"footnotes":""},"class_list":["post-430","page","type-page","status-publish","hentry"],"_links":{"self":[{"href":"https:\/\/ubieramykibicow.pl\/index.php?rest_route=\/wp\/v2\/pages\/430","targetHints":{"allow":["GET"]}}],"collection":[{"href":"https:\/\/ubieramykibicow.pl\/index.php?rest_route=\/wp\/v2\/pages"}],"about":[{"href":"https:\/\/ubieramykibicow.pl\/index.php?rest_route=\/wp\/v2\/types\/page"}],"author":[{"embeddable":true,"href":"https:\/\/ubieramykibicow.pl\/index.php?rest_route=\/wp\/v2\/users\/1"}],"replies":[{"embeddable":true,"href":"https:\/\/ubieramykibicow.pl\/index.php?rest_route=%2Fwp%2Fv2%2Fcomments&post=430"}],"version-history":[{"count":3,"href":"https:\/\/ubieramykibicow.pl\/index.php?rest_route=\/wp\/v2\/pages\/430\/revisions"}],"predecessor-version":[{"id":479,"href":"https:\/\/ubieramykibicow.pl\/index.php?rest_route=\/wp\/v2\/pages\/430\/revisions\/479"}],"wp:attachment":[{"href":"https:\/\/ubieramykibicow.pl\/index.php?rest_route=%2Fwp%2Fv2%2Fmedia&parent=430"}],"curies":[{"name":"wp","href":"https:\/\/api.w.org\/{rel}","templated":true}]}}