{"id":580,"date":"2026-05-10T19:10:16","date_gmt":"2026-05-10T17:10:16","guid":{"rendered":"https:\/\/ubieramykibicow.pl\/?page_id=580"},"modified":"2026-05-10T19:19:35","modified_gmt":"2026-05-10T17:19:35","slug":"spodnie-2","status":"publish","type":"page","link":"https:\/\/ubieramykibicow.pl\/?page_id=580","title":{"rendered":"Spodnie"},"content":{"rendered":"<section class=\"uk-section\" id=\"spodnie-dresowe\">\n<h1 style=\"color:#b8b8b8 !important; text-align:center !important;\">\n    Spodnie dresowe<br \/>\n  <\/h1>\n<div style=\"max-width:900px !important; margin-left:auto !important; margin-right:auto !important; text-align:center !important;\">\n<p style=\"color:#ffffff !important;\">\n      Spodnie dresowe wykonujemy wed\u0142ug indywidualnego projektu. Mo\u017cemy przygotowa\u0107 je z bawe\u0142nianej dres\u00f3wki o gramaturze 280 g, ze spodem o strukturze p\u0119telki.\n    <\/p>\n<p style=\"color:#ffffff !important;\">\n      W zale\u017cno\u015bci od modelu spodnie mog\u0105 posiada\u0107 dwie lub trzy kieszenie. Oferujemy dwa kroje: mocno dopasowany oraz lu\u017aniejszy, dzi\u0119ki czemu mo\u017cemy dopasowa\u0107 spodnie do stylu, przeznaczenia i oczekiwanego efektu.\n    <\/p>\n<p style=\"color:#ffffff !important;\">\n      Na spodniach mo\u017cemy wykona\u0107 haft, nadruk lub inne formy znakowania, zale\u017cnie od projektu i materia\u0142u.\n    <\/p>\n<p style=\"color:#ffffff !important;\">\n      Spodnie mo\u017cemy r\u00f3wnie\u017c uszy\u0107 z poliestru. To idealne rozwi\u0105zanie do stworzenia dresu sportowego, kt\u00f3ry mo\u017cemy ozdobi\u0107 haftem albo grafik\u0105 full print.\n    <\/p>\n<p style=\"color:#ffffff !important;\">\n      Skontaktuj si\u0119 z nami i pode\u015blij projekt. Sprawdzimy mo\u017cliwo\u015bci wykonania i przygotujemy wycen\u0119 spodni dresowych.\n    <\/p>\n<\/p><\/div>\n<div style=\"margin-top:45px !important; text-align:center !important;\">\n<h2 style=\"color:#b8b8b8 !important; text-align:center !important;\">\n      Przyk\u0142adowe realizacje<br \/>\n    <\/h2>\n<div style=\"display:grid !important; grid-template-columns:repeat(auto-fit, minmax(260px, 300px)) !important; justify-content:center !important; gap:20px !important; margin-top:30px !important;\">\n<div class=\"uk-product-card\">\n        <a href=\"http:\/\/ubieramykibicow.pl\/wp-content\/uploads\/2026\/05\/spodnie-of-dopasowane-1.jpg\" data-slb-group=\"spodnie-dresowe-realizacje\"><br \/>\n          <img decoding=\"async\" \n            src=\"http:\/\/ubieramykibicow.pl\/wp-content\/uploads\/2026\/05\/spodnie-of-dopasowane-1.jpg\" \n            alt=\"Spodnie dresowe dopasowane\" \n            style=\"width:100% !important; height:230px !important; object-fit:cover !important; object-position:center !important; filter:none !important; opacity:1 !important; mix-blend-mode:normal !important; border-radius:14px !important; cursor:pointer !important;\"\n          ><br \/>\n        <\/a><\/p>\n<h3>Spodnie dresowe dopasowane<\/h3>\n<\/p><\/div>\n<\/p><\/div>\n<\/p><\/div>\n<div style=\"text-align:center !important; margin-top:40px !important;\">\n<div onclick=\"window.location.href='https:\/\/ubieramykibicow.pl\/#kontakt'\" style=\"background:#c79618 !important; color:#050505 !important; width:190px !important; height:44px !important; border-radius:7px !important; font-weight:800 !important; font-size:14px !important; display:flex !important; align-items:center !important; justify-content:center !important; line-height:1 !important; padding:0 !important; margin:0 auto !important; cursor:pointer !important;\">\n      Skontaktuj si\u0119\n    <\/div>\n<\/p><\/div>\n<\/section>\n","protected":false},"excerpt":{"rendered":"<p>Spodnie dresowe Spodnie dresowe wykonujemy wed\u0142ug indywidualnego projektu. Mo\u017cemy przygotowa\u0107 je z bawe\u0142nianej dres\u00f3wki o gramaturze 280 g, ze spodem [&hellip;]<\/p>\n","protected":false},"author":1,"featured_media":0,"parent":0,"menu_order":0,"comment_status":"closed","ping_status":"closed","template":"","meta":{"site-sidebar-layout":"default","site-content-layout":"","ast-site-content-layout":"default","site-content-style":"default","site-sidebar-style":"default","ast-global-header-display":"","ast-banner-title-visibility":"","ast-main-header-display":"","ast-hfb-above-header-display":"","ast-hfb-below-header-display":"","ast-hfb-mobile-header-display":"","site-post-title":"","ast-breadcrumbs-content":"","ast-featured-img":"","footer-sml-layout":"","ast-disable-related-posts":"","theme-transparent-header-meta":"","adv-header-id-meta":"","stick-header-meta":"","header-above-stick-meta":"","header-main-stick-meta":"","header-below-stick-meta":"","astra-migrate-meta-layouts":"default","ast-page-background-enabled":"default","ast-page-background-meta":{"desktop":{"background-color":"var(--ast-global-color-5)","background-image":"","background-repeat":"repeat","background-position":"center center","background-size":"auto","background-attachment":"scroll","background-type":"","background-media":"","overlay-type":"","overlay-color":"","overlay-opacity":"","overlay-gradient":""},"tablet":{"background-color":"","background-image":"","background-repeat":"repeat","background-position":"center center","background-size":"auto","background-attachment":"scroll","background-type":"","background-media":"","overlay-type":"","overlay-color":"","overlay-opacity":"","overlay-gradient":""},"mobile":{"background-color":"","background-image":"","background-repeat":"repeat","background-position":"center center","background-size":"auto","background-attachment":"scroll","background-type":"","background-media":"","overlay-type":"","overlay-color":"","overlay-opacity":"","overlay-gradient":""}},"ast-content-background-meta":{"desktop":{"background-color":"var(--ast-global-color-4)","background-image":"","background-repeat":"repeat","background-position":"center center","background-size":"auto","background-attachment":"scroll","background-type":"","background-media":"","overlay-type":"","overlay-color":"","overlay-opacity":"","overlay-gradient":""},"tablet":{"background-color":"var(--ast-global-color-4)","background-image":"","background-repeat":"repeat","background-position":"center center","background-size":"auto","background-attachment":"scroll","background-type":"","background-media":"","overlay-type":"","overlay-color":"","overlay-opacity":"","overlay-gradient":""},"mobile":{"background-color":"var(--ast-global-color-4)","background-image":"","background-repeat":"repeat","background-position":"center center","background-size":"auto","background-attachment":"scroll","background-type":"","background-media":"","overlay-type":"","overlay-color":"","overlay-opacity":"","overlay-gradient":""}},"footnotes":""},"class_list":["post-580","page","type-page","status-publish","hentry"],"_links":{"self":[{"href":"https:\/\/ubieramykibicow.pl\/index.php?rest_route=\/wp\/v2\/pages\/580","targetHints":{"allow":["GET"]}}],"collection":[{"href":"https:\/\/ubieramykibicow.pl\/index.php?rest_route=\/wp\/v2\/pages"}],"about":[{"href":"https:\/\/ubieramykibicow.pl\/index.php?rest_route=\/wp\/v2\/types\/page"}],"author":[{"embeddable":true,"href":"https:\/\/ubieramykibicow.pl\/index.php?rest_route=\/wp\/v2\/users\/1"}],"replies":[{"embeddable":true,"href":"https:\/\/ubieramykibicow.pl\/index.php?rest_route=%2Fwp%2Fv2%2Fcomments&post=580"}],"version-history":[{"count":2,"href":"https:\/\/ubieramykibicow.pl\/index.php?rest_route=\/wp\/v2\/pages\/580\/revisions"}],"predecessor-version":[{"id":584,"href":"https:\/\/ubieramykibicow.pl\/index.php?rest_route=\/wp\/v2\/pages\/580\/revisions\/584"}],"wp:attachment":[{"href":"https:\/\/ubieramykibicow.pl\/index.php?rest_route=%2Fwp%2Fv2%2Fmedia&parent=580"}],"curies":[{"name":"wp","href":"https:\/\/api.w.org\/{rel}","templated":true}]}}