{"id":594,"date":"2026-05-10T19:34:24","date_gmt":"2026-05-10T17:34:24","guid":{"rendered":"https:\/\/ubieramykibicow.pl\/?page_id=594"},"modified":"2026-05-10T19:59:24","modified_gmt":"2026-05-10T17:59:24","slug":"baseball-2","status":"publish","type":"page","link":"https:\/\/ubieramykibicow.pl\/?page_id=594","title":{"rendered":"Bluza Baseball"},"content":{"rendered":"<section class=\"uk-section\" id=\"bluza-baseball\">\n<h1 style=\"color:#b8b8b8 !important; text-align:center !important;\">\n    Bluza Baseball<br \/>\n  <\/h1>\n<div style=\"max-width:900px !important; margin-left:auto !important; margin-right:auto !important; text-align:center !important;\">\n<p style=\"color:#ffffff !important;\">\n      Bluza Baseball to model wykonywany wed\u0142ug indywidualnego projektu, kt\u00f3ry dobrze sprawdza si\u0119 jako bluza kibicowska, klubowa, firmowa oraz odzie\u017c dla grup, ekip i marek.\n    <\/p>\n<p style=\"color:#ffffff !important;\">\n      Model mo\u017cemy przygotowa\u0107 w wybranej kolorystyce, z haftem, nadrukiem, aplikacj\u0105, herbem, logotypem, napisem lub grafik\u0105 dopasowan\u0105 do konkretnego pomys\u0142u.\n    <\/p>\n<p style=\"color:#ffffff !important;\">\n      Bluzy Baseball wykonujemy wy\u0142\u0105cznie z dzianiny drapanej o gramaturze 340 g. Model mo\u017ce zosta\u0107 ozdobiony haftem lub nadrukiem.\n    <\/p>\n<p style=\"color:#ffffff !important;\">\n      Przy zam\u00f3wieniach od 30 sztuk istnieje mo\u017cliwo\u015b\u0107 wykonania indywidualnego wzoru \u015bci\u0105gacza.\n    <\/p>\n<p style=\"color:#ffffff !important;\">\n      Skontaktuj si\u0119 z nami i pode\u015blij projekt. Sprawdzimy mo\u017cliwo\u015bci wykonania i przygotujemy wycen\u0119 bluzy Baseball.\n    <\/p>\n<\/p><\/div>\n<div style=\"margin-top:45px !important; text-align:center !important;\">\n<h2 style=\"color:#b8b8b8 !important; text-align:center !important;\">\n      Przyk\u0142adowe realizacje<br \/>\n    <\/h2>\n<div style=\"display:grid !important; grid-template-columns:repeat(auto-fit, minmax(260px, 300px)) !important; justify-content:center !important; gap:20px !important; margin-top:30px !important;\">\n<div class=\"uk-product-card\">\n        <a href=\"http:\/\/ubieramykibicow.pl\/wp-content\/uploads\/2026\/05\/baseball-cracovia.jpeg\" data-slb-group=\"bluza-baseball-realizacje\"><br \/>\n          <img decoding=\"async\" \n            src=\"http:\/\/ubieramykibicow.pl\/wp-content\/uploads\/2026\/05\/baseball-cracovia.jpeg\" \n            alt=\"Bluza Baseball prz\u00f3d\" \n            style=\"width:100% !important; height:230px !important; object-fit:cover !important; object-position:center !important; filter:none !important; opacity:1 !important; mix-blend-mode:normal !important; border-radius:14px !important; cursor:pointer !important;\"\n          ><br \/>\n        <\/a><\/p>\n<h3>Bluza Baseball \u2014 prz\u00f3d<\/h3>\n<\/p><\/div>\n<div class=\"uk-product-card\">\n        <a href=\"http:\/\/ubieramykibicow.pl\/wp-content\/uploads\/2026\/05\/baseball-cracovia-tyl-1.jpeg\" data-slb-group=\"bluza-baseball-realizacje\"><br \/>\n          <img decoding=\"async\" \n            src=\"http:\/\/ubieramykibicow.pl\/wp-content\/uploads\/2026\/05\/baseball-cracovia-tyl-1.jpeg\" \n            alt=\"Bluza Baseball ty\u0142\" \n            style=\"width:100% !important; height:230px !important; object-fit:cover !important; object-position:center !important; filter:none !important; opacity:1 !important; mix-blend-mode:normal !important; border-radius:14px !important; cursor:pointer !important;\"\n          ><br \/>\n        <\/a><\/p>\n<h3>Bluza Baseball \u2014 ty\u0142<\/h3>\n<\/p><\/div>\n<\/p><\/div>\n<\/p><\/div>\n<div style=\"text-align:center !important; margin-top:40px !important;\">\n<div onclick=\"window.location.href='https:\/\/ubieramykibicow.pl\/#kontakt'\" style=\"background:#c79618 !important; color:#050505 !important; width:190px !important; height:44px !important; border-radius:7px !important; font-weight:800 !important; font-size:14px !important; display:flex !important; align-items:center !important; justify-content:center !important; line-height:1 !important; padding:0 !important; margin:0 auto !important; cursor:pointer !important;\">\n      Skontaktuj si\u0119\n    <\/div>\n<\/p><\/div>\n<\/section>\n","protected":false},"excerpt":{"rendered":"<p>Bluza Baseball Bluza Baseball to model wykonywany wed\u0142ug indywidualnego projektu, kt\u00f3ry dobrze sprawdza si\u0119 jako bluza kibicowska, klubowa, firmowa oraz [&hellip;]<\/p>\n","protected":false},"author":1,"featured_media":0,"parent":0,"menu_order":0,"comment_status":"closed","ping_status":"closed","template":"","meta":{"site-sidebar-layout":"default","site-content-layout":"","ast-site-content-layout":"default","site-content-style":"default","site-sidebar-style":"default","ast-global-header-display":"","ast-banner-title-visibility":"","ast-main-header-display":"","ast-hfb-above-header-display":"","ast-hfb-below-header-display":"","ast-hfb-mobile-header-display":"","site-post-title":"","ast-breadcrumbs-content":"","ast-featured-img":"","footer-sml-layout":"","ast-disable-related-posts":"","theme-transparent-header-meta":"","adv-header-id-meta":"","stick-header-meta":"","header-above-stick-meta":"","header-main-stick-meta":"","header-below-stick-meta":"","astra-migrate-meta-layouts":"default","ast-page-background-enabled":"default","ast-page-background-meta":{"desktop":{"background-color":"var(--ast-global-color-5)","background-image":"","background-repeat":"repeat","background-position":"center center","background-size":"auto","background-attachment":"scroll","background-type":"","background-media":"","overlay-type":"","overlay-color":"","overlay-opacity":"","overlay-gradient":""},"tablet":{"background-color":"","background-image":"","background-repeat":"repeat","background-position":"center center","background-size":"auto","background-attachment":"scroll","background-type":"","background-media":"","overlay-type":"","overlay-color":"","overlay-opacity":"","overlay-gradient":""},"mobile":{"background-color":"","background-image":"","background-repeat":"repeat","background-position":"center center","background-size":"auto","background-attachment":"scroll","background-type":"","background-media":"","overlay-type":"","overlay-color":"","overlay-opacity":"","overlay-gradient":""}},"ast-content-background-meta":{"desktop":{"background-color":"var(--ast-global-color-4)","background-image":"","background-repeat":"repeat","background-position":"center center","background-size":"auto","background-attachment":"scroll","background-type":"","background-media":"","overlay-type":"","overlay-color":"","overlay-opacity":"","overlay-gradient":""},"tablet":{"background-color":"var(--ast-global-color-4)","background-image":"","background-repeat":"repeat","background-position":"center center","background-size":"auto","background-attachment":"scroll","background-type":"","background-media":"","overlay-type":"","overlay-color":"","overlay-opacity":"","overlay-gradient":""},"mobile":{"background-color":"var(--ast-global-color-4)","background-image":"","background-repeat":"repeat","background-position":"center center","background-size":"auto","background-attachment":"scroll","background-type":"","background-media":"","overlay-type":"","overlay-color":"","overlay-opacity":"","overlay-gradient":""}},"footnotes":""},"class_list":["post-594","page","type-page","status-publish","hentry"],"_links":{"self":[{"href":"https:\/\/ubieramykibicow.pl\/index.php?rest_route=\/wp\/v2\/pages\/594","targetHints":{"allow":["GET"]}}],"collection":[{"href":"https:\/\/ubieramykibicow.pl\/index.php?rest_route=\/wp\/v2\/pages"}],"about":[{"href":"https:\/\/ubieramykibicow.pl\/index.php?rest_route=\/wp\/v2\/types\/page"}],"author":[{"embeddable":true,"href":"https:\/\/ubieramykibicow.pl\/index.php?rest_route=\/wp\/v2\/users\/1"}],"replies":[{"embeddable":true,"href":"https:\/\/ubieramykibicow.pl\/index.php?rest_route=%2Fwp%2Fv2%2Fcomments&post=594"}],"version-history":[{"count":3,"href":"https:\/\/ubieramykibicow.pl\/index.php?rest_route=\/wp\/v2\/pages\/594\/revisions"}],"predecessor-version":[{"id":612,"href":"https:\/\/ubieramykibicow.pl\/index.php?rest_route=\/wp\/v2\/pages\/594\/revisions\/612"}],"wp:attachment":[{"href":"https:\/\/ubieramykibicow.pl\/index.php?rest_route=%2Fwp%2Fv2%2Fmedia&parent=594"}],"curies":[{"name":"wp","href":"https:\/\/api.w.org\/{rel}","templated":true}]}}